{"id":62,"date":"2020-02-21T12:23:10","date_gmt":"2020-02-21T12:23:10","guid":{"rendered":"https:\/\/prywatkagostyn.pl\/?page_id=62"},"modified":"2025-11-25T11:12:52","modified_gmt":"2025-11-25T11:12:52","slug":"polityka-prywatnosci","status":"publish","type":"page","link":"https:\/\/prywatkagostyn.pl\/?page_id=62","title":{"rendered":"Polityka Prywatno\u015bci"},"content":{"rendered":"<p>[et_pb_section fb_built=&#8221;1&#8243; admin_label=&#8221;Our Story&#8221; _builder_version=&#8221;4.16&#8243; background_color=&#8221;#ffffff&#8221; background_position=&#8221;top_left&#8221; custom_padding=&#8221;0px|0px|0px|0px|false|false&#8221; collapsed=&#8221;off&#8221; global_colors_info=&#8221;{}&#8221;][et_pb_row _builder_version=&#8221;4.16&#8243; background_size=&#8221;initial&#8221; background_position=&#8221;top_left&#8221; background_repeat=&#8221;repeat&#8221; custom_margin=&#8221;|||&#8221; custom_padding=&#8221;42px||68px|||&#8221; global_colors_info=&#8221;{}&#8221;][et_pb_column type=&#8221;4_4&#8243; _builder_version=&#8221;4.16&#8243; background_position=&#8221;top_left&#8221; custom_padding=&#8221;30px||||false|false&#8221; global_colors_info=&#8221;{}&#8221; custom_padding__hover=&#8221;|||&#8221;][et_pb_text disabled_on=&#8221;on|on|off&#8221; _builder_version=&#8221;4.16&#8243; text_font=&#8221;||||&#8221; text_text_color=&#8221;#1f1f1f&#8221; header_font=&#8221;||||||||&#8221; header_2_font=&#8221;Playfair Display||||&#8221; header_2_font_size=&#8221;48px&#8221; header_2_line_height=&#8221;1.3em&#8221; background_size=&#8221;initial&#8221; background_position=&#8221;top_left&#8221; background_repeat=&#8221;repeat&#8221; custom_margin=&#8221;0px||||false|false&#8221; global_colors_info=&#8221;{}&#8221; header_font_size__hover=&#8221;30px&#8221; header_font_size__hover_enabled=&#8221;30px&#8221; header_letter_spacing__hover=&#8221;0px&#8221; header_letter_spacing__hover_enabled=&#8221;0px&#8221; header_text_shadow_style__hover=&#8221;none&#8221; header_text_shadow_style__hover_enabled=&#8221;none&#8221; header_text_shadow_color__hover=&#8221;rgba(0,0,0,0.4)&#8221; header_text_shadow_color__hover_enabled=&#8221;rgba(0,0,0,0.4)&#8221;]<\/p>\n<h2>Polityka prywatno\u015bci<\/h2>\n<p>[\/et_pb_text][et_pb_text _builder_version=&#8221;4.16&#8243; global_colors_info=&#8221;{}&#8221;]<\/p>\n<p>Polityka Prywatno\u015bci<\/p>\n<p>Niniejszy dokument okre\u015bla zasady przetwarzania i ochrony danych osobowych potencjalnych oraz obecnych partner\u00f3w biznesowych (w szczeg\u00f3lno\u015bci klient\u00f3w i dostawc\u00f3w) firma <span>DAWID REJEK DAVE SOUND, ul. gen. W\u0142adys\u0142awa Sikorskiego 34, 63-800 Gosty\u0144, NIP:6961722306,<\/span>\u00a0zwana dalej Administratorem danych.<\/p>\n<p>I. Definicje<\/p>\n<p>Cookies \u2013 oznacza dane informatyczne, w szczeg\u00f3lno\u015bci niewielkie pliki tekstowe, zapisywane i przechowywane na urz\u0105dzeniach za po\u015brednictwem, kt\u00f3rych U\u017cytkownik korzysta ze stron internetowych Serwisu.<br \/>Serwis \u2013 oznacza stron\u0119 internetow\u0105 nale\u017c\u0105c\u0105 do Administratora.<br \/>Urz\u0105dzenie \u2013 oznacza elektroniczne urz\u0105dzenie za po\u015brednictwem, kt\u00f3rego U\u017cytkownik uzyskuje dost\u0119p do Serwisu.<br \/>U\u017cytkownik \u2013 oznacza podmiot, kt\u00f3ry korzysta z tre\u015bci i funkcjonalno\u015bci dost\u0119pnych w Serwisach internetowych Administratora lub na rzecz kt\u00f3rego zgodnie z Regulaminem i przepisami prawa mog\u0105 by\u0107 \u015bwiadczone us\u0142ugi drog\u0105 elektroniczn\u0105 lub z kt\u00f3rym zawarta mo\u017ce by\u0107 Umowa o \u015bwiadczenie us\u0142ug drog\u0105 elektroniczn\u0105.<br \/>II. Administrator danych<\/p>\n<p>\u00a0<span>DAWID REJEK DAVE SOUND, ul. gen. W\u0142adys\u0142awa Sikorskiego 34, 63-800 Gosty\u0144, NIP:6961722306,<\/span><\/p>\n<p>III. Podstawa prawna<\/p>\n<p>W procesie przetwarzania danych osobowych Administrator stosuje zasady okre\u015blone w obowi\u0105zuj\u0105cych przepisach prawa, w tym w szczeg\u00f3lno\u015bci w ustawie z dnia 29 sierpnia 1997 r. o ochronie danych osobowych oraz w Rozporz\u0105dzeniach Parlamentu Europejskiego i Rady (UE) 2016\/679 z dnia 27 kwietnia 2016 r. w sprawie ochrony os\u00f3b fizycznych w zwi\u0105zku z przetwarzaniem danych osobowych i w sprawie swobodnego przep\u0142ywu takich danych oraz uchylenia dyrektywy 95\/46\/WE (\u201dRODO\u201d).<\/p>\n<p>IV. Cele przetwarzania danych oraz okres ich przechowywania<\/p>\n<p>Administrator przetwarza dane osobowe wy\u0142\u0105cznie w celu pozyskania klient\u00f3w\/dostawc\u00f3w, realizacji proces\u00f3w ofertyzacji, zam\u00f3wienia\/umowy i obs\u0142ugi posprzeda\u017cnej oferowanych towar\u00f3w i us\u0142ug oraz celem przes\u0142ania spersonalizowanej informacji handlowej, a w szczeg\u00f3lno\u015bci w celu:<\/p>\n<p>za\u0142o\u017cenia konta w Serwisie internetowym<br \/>kontaktu osobistego, telefonicznego lub przez poczt\u0119 elektroniczn\u0105<br \/>przes\u0142ania zam\u00f3wionych materia\u0142\u00f3w informacyjnych, reklamowych i ofert<br \/>realizacji zam\u00f3wienia\/umowy<br \/>realizacji zg\u0142oszenia serwisowego lub reklamacyjnego<br \/>obs\u0142ugi posprzeda\u017cnej<br \/>ewentualnego dochodzenia roszcze\u0144<br \/>dostosowania Serwis\u00f3w internetowych do potrzeb U\u017cytkownik\u00f3w,<br \/>tworzenia raport\u00f3w i analiz dotycz\u0105cych funkcjonalno\u015bci Serwis\u00f3w, a w tym statystyk ogl\u0105dalno\u015bci<br \/>Dane te b\u0119d\u0105 przechowywane przez okres niezb\u0119dny do realizacji um\u00f3w, a w tym \u015bwiadczenia us\u0142ug serwisowych (gwarancyjnych i pogwarancyjnych). Po tym czasie dane s\u0105 przechowywane wy\u0142\u0105cznie na potrzeby dochodzenia roszcze\u0144 oraz przesy\u0142ania spersonalizowanej informacji handlowej.<\/p>\n<p>V. Zakres i spos\u00f3b przechowywania danych<\/p>\n<p>Administrator zbiera dane osobowe w procesie pozyskania klienta\/dostawcy, ofertyzacji, realizacji zam\u00f3wienia\/umowy i obs\u0142ugi posprzeda\u017cnej oferowanych towar\u00f3w i us\u0142ug. Administrator pozyskuje dane obejmuj\u0105ce m.in. : imi\u0119 i nazwisko osoby fizycznej (w tym prowadz\u0105cej dzia\u0142alno\u015b\u0107 gospodarcz\u0105), jej adres, NIP, imi\u0119 i nazwisko osoby kontaktowej w firmie, jej stanowisko, dzia\u0142, e-mail i telefon, a w przypadku korzystania z Serwis\u00f3w internetowych Administratora r\u00f3wnie\u017c adres IP urz\u0105dzenia, z kt\u00f3rego korzysta U\u017cytkownik. Dane s\u0105 przechowywane przez Administratora w formacie, kt\u00f3ry pozwala na ich przeniesienie.<\/p>\n<p>Podanie danych osobowych jest dobrowolne ale konieczne do korzystania z wybranych funkcjonalno\u015bci Serwis\u00f3w internetowych oraz do przesy\u0142ania ofert, realizacji zam\u00f3wie\u0144, um\u00f3w, us\u0142ug serwisowych, monta\u017cowych itp.<\/p>\n<p>Przekazanie lub innego rodzaju transfer pozyskanych danych osobowych, osobom lub firmom trzecim, nie wyst\u0119puje, chyba \u017ce dane te b\u0119d\u0105 niezb\u0119dne do nale\u017cytego wykonania umowy, rozpatrzenia reklamacji lub napraw w ramach gwarancji lub r\u0119kojmi czy przes\u0142ania katalogu tradycyjn\u0105 poczt\u0105. Dotyczy to w szczeg\u00f3lno\u015bci firm przewozowych, spedycyjnych, kurierskich, monta\u017cowych i serwisowych.<\/p>\n<p>Administrator danych o\u015bwiadcza te\u017c, \u017ce powierza przechowywanie i\/lub przetwarzanie danych osobowych, o kt\u00f3rych mowa w Polityce Prywatno\u015bci, na podstawie pisemnej umowy, podmiotom \u015bwiadcz\u0105cym na rzecz Administratora m.in. us\u0142ugi hostingu, marketingu automatycznego oraz optymalizacji przekazu w zakresie Serwis\u00f3w internetowych Administratora.<\/p>\n<p>Niezale\u017cnie od powy\u017cszego, w przypadku wyra\u017cenia odr\u0119bnej zgody przez U\u017cytkownika Serwisu, jego dane osobowe s\u0105 przetwarzane w celu otrzymywania informacji handlowej, a w szczeg\u00f3lno\u015bci przesy\u0142ania na wskazany adres poczty elektronicznej zam\u00f3wionego newslettera.<\/p>\n<p>VI. Dane zbierane automatycznie<\/p>\n<p>Administrator informuje, \u017ce podczas korzystania z nale\u017c\u0105cych do niego Serwis\u00f3w internetowych zbierane s\u0105 r\u00f3wnie\u017c dane automatycznie. Dane te mog\u0105 by\u0107 zbierane przez pliki Cookies oraz przez system marketingu automatycznego.<\/p>\n<p>Administrator informuje, \u017ce od momentu po\u0142\u0105czenia si\u0119 u\u017cytkownika z Serwisem w logach systemowych Serwisu pojawia si\u0119 informacja m.in. o numerze IP i rodzaju urz\u0105dzenia ko\u0144cowego u\u017cytkownika, z kt\u00f3rego u\u017cytkownik \u0142\u0105czy si\u0119 ze Serwisem. Administrator informuje, \u017ce zgodnie z prawem przetwarza r\u00f3wnie\u017c dane dotycz\u0105ce m.in.. numeru IP i rodzaju urz\u0105dzenia ko\u0144cowego u\u017cytkownika, a tak\u017ce czasu po\u0142\u0105czenia u\u017cytkownika z Serwisem oraz inne dane eksploatacyjne dotycz\u0105ce aktywno\u015bci u\u017cytkownika w Serwisie. Opisane dane przetwarzane s\u0105 w celach technicznych w celu dostosowania Serwisu do potrzeb u\u017cytkownik\u00f3w oraz do zbierania og\u00f3lnych informacji statystycznych dotycz\u0105cych funkcjonowania Serwisu.<\/p>\n<p>Administrator wykorzystuje pliki typu Cookies w celu:<\/p>\n<p>Konfiguracji serwisu<br \/>dostosowania zawarto\u015bci stron internetowych Serwisu do preferencji U\u017cytkownika oraz optymalizacji korzystania ze stron internetowych Serwisu<br \/>rozpoznania urz\u0105dzenia U\u017cytkownika Serwisu oraz jego lokalizacji i odpowiednio wy\u015bwietlenia strony internetowej, dostosowanej do jego indywidualnych potrzeb;<br \/>zapami\u0119tania ustawie\u0144 wybranych przez U\u017cytkownika i personalizacji interfejsu U\u017cytkownika, np. w zakresie wybranego j\u0119zyka lub regionu, z kt\u00f3rego pochodzi U\u017cytkownik,<br \/>zapami\u0119tania historii odwiedzonych stron w Serwisie w celu rekomendacji tre\u015bci<br \/>Realizacji proces\u00f3w niezb\u0119dnych dla pe\u0142nej funkcjonalno\u015bci stron internetowych<br \/>dostosowania zawarto\u015bci stron internetowych Serwisu do preferencji U\u017cytkownika oraz optymalizacji korzystania ze stron internetowych Serwisu. W szczeg\u00f3lno\u015bci pliki te pozwalaj\u0105 rozpozna\u0107 podstawowe parametry urz\u0105dzenia U\u017cytkownika i odpowiednio wy\u015bwietli\u0107 stron\u0119 internetow\u0105, dostosowan\u0105 do jego indywidualnych potrzeb;<br \/>zapewnienia bezpiecze\u0144stwa i niezawodno\u015bci serwisu<br \/>prezentowania tre\u015bci multimedialnych na stronach internetowych Serwisu, kt\u00f3re s\u0105 pobierane z zewn\u0119trznego serwisu internetowego www.youtube.com [administrator cookies: Google Inc z siedzib\u0105 w USA]<br \/>zbierania og\u00f3lnych i anonimowych danych statycznych za po\u015brednictwem narz\u0119dzi analitycznych Google Analytics [administrator cookies: Google Inc z siedzib\u0105 w USA]<br \/>wykorzystania funkcji interaktywnych w celu popularyzacji Serwisu za pomoc\u0105 serwis\u00f3w spo\u0142eczno\u015bciowych Facebook.com [administrator cookies: Facebook Inc z siedzib\u0105 w USA lub Facebook Ireland z siedzib\u0105 w Irlandii]<br \/>profilowania tre\u015bci reklamowych zgodnie z zainteresowaniami U\u017cytkownik\u00f3w Serwisu<br \/>U\u017cytkownik mo\u017ce samodzielnie i w ka\u017cdym czasie zmieni\u0107 ustawienia dotycz\u0105ce udost\u0119pnienia swojej lokalizacji oraz plik\u00f3w Cookies, okre\u015blaj\u0105c warunki ich przechowywania i uzyskiwania dost\u0119pu przez pliki Cookies do urz\u0105dzenia U\u017cytkownika. Zmiany ustawie\u0144, o kt\u00f3rych mowa w zdaniu poprzednim, U\u017cytkownik mo\u017ce dokona\u0107 za pomoc\u0105 ustawie\u0144 przegl\u0105darki internetowej. Ustawienia te mog\u0105 zosta\u0107 zmienione w szczeg\u00f3lno\u015bci w taki spos\u00f3b, aby blokowa\u0107 automatyczn\u0105 obs\u0142ug\u0119 plik\u00f3w Cookies w ustawieniach przegl\u0105darki internetowej b\u0105d\u017a informowa\u0107 o ich ka\u017cdorazowym zamieszczeniu na urz\u0105dzeniu U\u017cytkownika. Szczeg\u00f3\u0142owe informacje o mo\u017cliwo\u015bci i sposobach obs\u0142ugi plik\u00f3w Cookies dost\u0119pne s\u0105 w ustawieniach oprogramowania (przegl\u0105darki internetowej).<\/p>\n<p>U\u017cytkownik mo\u017ce w ka\u017cdej chwili usun\u0105\u0107 pliki Cookies korzystaj\u0105c z dost\u0119pnych funkcji w przegl\u0105darce internetowej, kt\u00f3rej u\u017cywa. Ograniczenie stosowania plik\u00f3w Cookies, mo\u017ce wp\u0142yn\u0105\u0107 na niekt\u00f3re funkcjonalno\u015bci dost\u0119pne na stronie internetowej Serwisu.<\/p>\n<p>VII. Prawo dost\u0119pu do danych, ich sprostowania, usuni\u0119cia lub ograniczenia przetwarzania lub do wniesienia sprzeciwu wobec przetwarzania, a tak\u017ce prawo do przenoszenia danych<\/p>\n<p>&nbsp;<\/p>\n<p>Ka\u017cdy, kogo dane osobowe s\u0105 zbierane mo\u017ce za\u017c\u0105da\u0107 od Administratora:<\/p>\n<p>dost\u0119pu do swoich danych osobowych<br \/>sprostowania danych osobowych<br \/>usuni\u0119cia danych osobowych<br \/>ograniczenia przetwarzania danych osobowych<br \/>sprzeciwu wobec przetwarzania<br \/>przeniesienia danych osobowych<br \/>Ponadto ka\u017cdy, kogo dane osobowe s\u0105 zbierane mo\u017ce wnie\u015b\u0107 sprzeciw wobec przetwarzania danych osobowych, a w szczeg\u00f3lno\u015bci w zakresie profilowania U\u017cytkownika Serwis\u00f3w internetowych. Aby skorzysta\u0107 z powy\u017cszych uprawnie\u0144 nale\u017cy skontaktowa\u0107 si\u0119 z Administratorem za pomoc\u0105 poczty elektronicznej: Administrator wykonuje \u017c\u0105danie osoby, kt\u00f3rej dane s\u0105 zbierane w okresie do 30 dni. Okres ten w uzasadnionych przypadkach mo\u017ce ulec wyd\u0142u\u017ceniu do 90 dni. Nale\u017cy jednak mie\u0107 na uwadze, \u017ce usuni\u0119cie, ograniczenie, przeniesienie oraz zg\u0142oszenie sprzeciwu wzgl\u0119dem przetwarzania danych b\u0119dzie mia\u0142o wp\u0142yw na \u015bwiadczone us\u0142ugi i mo\u017ce skutkowa\u0107 niemo\u017cliwo\u015bci\u0105 ich wykonania. W szczeg\u00f3lno\u015bci nie ma ono zastosowania w przypadku zobowi\u0105za\u0144, kt\u00f3re zosta\u0142y prawnie zawarte ze wzgl\u0119du na wymogi prawne zwi\u0105zane m.in. dochodzeniem roszcze\u0144.<\/p>\n<p>W przypadku gdy Administrator danych wyst\u0119puje o wyra\u017cenie zgody na przesy\u0142anie informacji handlowej drog\u0105 elektroniczn\u0105, osobie, kt\u00f3ra wyrazi\u0142a zgod\u0119 przys\u0142uguje prawo do jej cofni\u0119cia. W tym celu nale\u017cy klikn\u0105\u0107 na link powoduj\u0105cy cofni\u0119cie zgody umieszczony w tre\u015bci informacji handlowej lub wys\u0142a\u0107 mailow\u0105 informacj\u0119 o cofni\u0119ciu zgody na adres poczty elektronicznej kontakt@prywatkagostyn.pl.<\/p>\n<p>VIII. Bezpiecze\u0144stwo danych<\/p>\n<p>Administrator danych o\u015bwiadcza, \u017ce dok\u0142ada wszelkich stara\u0144, aby zapewni\u0107 Klientom wysoki poziom bezpiecze\u0144stwa przetwarzania ich danych. Wszelkie zdarzenia maj\u0105ce wp\u0142yw na bezpiecze\u0144stwo przetwarzania danych nale\u017cy zg\u0142asza\u0107 na adres poczty elektronicznej: kontakt@prywatkagostyn.pl<\/p>\n<p>Administrator danych o\u015bwiadcza, \u017ce powierza przechowywanie i\/lub przetwarzanie danych osobowych, o kt\u00f3rych mowa w Polityce Prywatno\u015bci, na podstawie pisemnej umowy, podmiotom \u015bwiadcz\u0105cym na rzecz Administratora m.in. us\u0142ugi hostingu, marketingu automatycznego oraz optymalizacji przekazu w zakresie Serwis\u00f3w internetowych Administratora, a w przypadku obs\u0142ugi zam\u00f3wienia\/umowy, reklamacji lub zg\u0142oszenia serwisowego: firm przewozowych, spedycyjnych, kurierskich, monta\u017cowych, serwisowych itp.<\/p>\n<p>IX. Postanowienia ko\u0144cowe<\/p>\n<p>Ka\u017cdy, kogo dane osobowe zbiera Administrator ma prawo z\u0142o\u017cy\u0107 za\u017calenie do w\u0142a\u015bciwego organu nadzorczego, je\u017celi uwa\u017ca, \u017ce przetwarzanie danych osobowych jego dotycz\u0105ce narusza obowi\u0105zuj\u0105ce przepisy reguluj\u0105ce przetwarzanie danych osobowych: ustaw\u0119 o ochronie danych osobowych lub og\u00f3lne rozporz\u0105dzenie o ochronie danych.<\/p>\n<p>Administrator danych zastrzega sobie prawo do zmiany niniejszej Polityki Prywatno\u015bci poprzez opublikowanie nowej polityki prywatno\u015bci na tej stronie.<\/p>\n<p>[\/et_pb_text][\/et_pb_column][\/et_pb_row][\/et_pb_section][et_pb_section fb_built=&#8221;1&#8243; admin_label=&#8221;Contact Us&#8221; _builder_version=&#8221;4.23&#8243; background_color=&#8221;rgba(0,0,0,0.53)&#8221; background_image=&#8221;https:\/\/prywatkagostyn.pl\/wp-content\/uploads\/2025\/11\/roczek_0004-1.jpg&#8221; background_blend=&#8221;color&#8221; custom_padding=&#8221;71px|0px|70px|0px||&#8221; global_module=&#8221;1319&#8243; locked=&#8221;off&#8221; collapsed=&#8221;off&#8221; global_colors_info=&#8221;{}&#8221;][et_pb_row column_structure=&#8221;1_3,2_3&#8243; make_equal=&#8221;on&#8221; _builder_version=&#8221;4.23&#8243; background_size=&#8221;initial&#8221; background_position=&#8221;top_left&#8221; background_repeat=&#8221;repeat&#8221; max_width=&#8221;1280px&#8221; custom_margin=&#8221;|||&#8221; custom_padding=&#8221;|||&#8221; use_custom_width=&#8221;on&#8221; custom_width_px=&#8221;1280px&#8221; global_colors_info=&#8221;{}&#8221;][et_pb_column type=&#8221;1_3&#8243; _builder_version=&#8221;4.23&#8243; background_color=&#8221;rgba(31,31,31,0.9)&#8221; custom_padding=&#8221;100px|5%|100px|5%&#8221; global_colors_info=&#8221;{}&#8221; custom_padding__hover=&#8221;|||&#8221;][et_pb_text _builder_version=&#8221;4.23&#8243; text_font=&#8221;Montserrat||||&#8221; text_text_color=&#8221;rgba(255,255,255,0.8)&#8221; text_font_size=&#8221;17px&#8221; text_line_height=&#8221;1.8em&#8221; header_font=&#8221;||||||||&#8221; header_font_size=&#8221;24px&#8221; header_3_font=&#8221;||||||||&#8221; background_size=&#8221;initial&#8221; background_position=&#8221;top_left&#8221; background_repeat=&#8221;repeat&#8221; text_orientation=&#8221;center&#8221; background_layout=&#8221;dark&#8221; module_alignment=&#8221;center&#8221; custom_padding=&#8221;||0px|||&#8221; global_colors_info=&#8221;{}&#8221;]<\/p>\n<h3>FB\/IN<\/h3>\n<div class=\"et_pb_module et_pb_text et_pb_text_6 et_pb_text_align_center et_pb_bg_layout_light et_had_animation\">\n<div class=\"et_pb_text_inner\">\n<p><span style=\"font-size: large;\"><\/span><\/p>\n<\/div>\n<\/div>\n<p>[\/et_pb_text][et_pb_social_media_follow use_icon_font_size=&#8221;on&#8221; icon_font_size=&#8221;26px&#8221; _builder_version=&#8221;4.23&#8243; _module_preset=&#8221;default&#8221; text_orientation=&#8221;center&#8221; custom_margin=&#8221;20px||||false|false&#8221; custom_padding=&#8221;23px||||false|false&#8221; global_colors_info=&#8221;{}&#8221;][et_pb_social_media_follow_network social_network=&#8221;facebook&#8221; _builder_version=&#8221;4.23&#8243; _module_preset=&#8221;default&#8221; background_color=&#8221;#3b5998&#8243; global_colors_info=&#8221;{}&#8221; follow_button=&#8221;off&#8221; url_new_window=&#8221;on&#8221;]facebook[\/et_pb_social_media_follow_network][et_pb_social_media_follow_network social_network=&#8221;instagram&#8221; _builder_version=&#8221;4.23&#8243; _module_preset=&#8221;default&#8221; background_color=&#8221;#ea2c59&#8243; global_colors_info=&#8221;{}&#8221; follow_button=&#8221;off&#8221; url_new_window=&#8221;on&#8221;]instagram[\/et_pb_social_media_follow_network][\/et_pb_social_media_follow][\/et_pb_column][et_pb_column type=&#8221;2_3&#8243; _builder_version=&#8221;4.23&#8243; background_color=&#8221;rgba(31,31,31,0.9)&#8221; custom_padding=&#8221;100px|5%|100px|5%&#8221; global_colors_info=&#8221;{}&#8221; custom_padding__hover=&#8221;|||&#8221;][et_pb_text _builder_version=&#8221;4.23&#8243; text_font=&#8221;Montserrat||||&#8221; text_text_color=&#8221;rgba(255,255,255,0.8)&#8221; text_font_size=&#8221;17px&#8221; text_line_height=&#8221;1.8em&#8221; header_font=&#8221;||||||||&#8221; header_font_size=&#8221;24px&#8221; header_3_font=&#8221;||||||||&#8221; background_size=&#8221;initial&#8221; background_position=&#8221;top_left&#8221; background_repeat=&#8221;repeat&#8221; text_orientation=&#8221;center&#8221; background_layout=&#8221;dark&#8221; module_alignment=&#8221;center&#8221; custom_padding=&#8221;||0px|||&#8221; global_colors_info=&#8221;{}&#8221;]<\/p>\n<h3>DANE ADRESOWE<\/h3>\n<p>&nbsp;<\/p>\n<p>ul. G\u00f3rna 21<br \/>63-800 Gosty\u0144<\/p>\n<p>tel: 723 803 326<\/p>\n<p>kontakt@prywatkagostyn.pl<\/p>\n<div class=\"et_pb_module et_pb_text et_pb_text_6 et_pb_text_align_center et_pb_bg_layout_light et_had_animation\">\n<div class=\"et_pb_text_inner\">\n<p><span style=\"font-size: large;\"><\/span><\/p>\n<\/div>\n<\/div>\n<p>[\/et_pb_text][\/et_pb_column][\/et_pb_row][\/et_pb_section]<\/p>\n","protected":false},"excerpt":{"rendered":"<p>Polityka prywatno\u015bciPolityka Prywatno\u015bci Niniejszy dokument okre\u015bla zasady przetwarzania i ochrony danych osobowych potencjalnych oraz obecnych partner\u00f3w biznesowych (w szczeg\u00f3lno\u015bci klient\u00f3w i dostawc\u00f3w) firma DAWID REJEK DAVE SOUND, ul. gen. W\u0142adys\u0142awa Sikorskiego 34, 63-800 Gosty\u0144, NIP:6961722306,\u00a0zwana dalej Administratorem danych. I. Definicje Cookies \u2013 oznacza dane informatyczne, w szczeg\u00f3lno\u015bci niewielkie pliki tekstowe, zapisywane i przechowywane na urz\u0105dzeniach [&hellip;]<\/p>\n","protected":false},"author":1,"featured_media":0,"parent":0,"menu_order":0,"comment_status":"closed","ping_status":"closed","template":"","meta":{"_et_pb_use_builder":"on","_et_pb_old_content":"","_et_gb_content_width":"","footnotes":""},"class_list":["post-62","page","type-page","status-publish","hentry"],"_links":{"self":[{"href":"https:\/\/prywatkagostyn.pl\/index.php?rest_route=\/wp\/v2\/pages\/62","targetHints":{"allow":["GET"]}}],"collection":[{"href":"https:\/\/prywatkagostyn.pl\/index.php?rest_route=\/wp\/v2\/pages"}],"about":[{"href":"https:\/\/prywatkagostyn.pl\/index.php?rest_route=\/wp\/v2\/types\/page"}],"author":[{"embeddable":true,"href":"https:\/\/prywatkagostyn.pl\/index.php?rest_route=\/wp\/v2\/users\/1"}],"replies":[{"embeddable":true,"href":"https:\/\/prywatkagostyn.pl\/index.php?rest_route=%2Fwp%2Fv2%2Fcomments&post=62"}],"version-history":[{"count":19,"href":"https:\/\/prywatkagostyn.pl\/index.php?rest_route=\/wp\/v2\/pages\/62\/revisions"}],"predecessor-version":[{"id":1370,"href":"https:\/\/prywatkagostyn.pl\/index.php?rest_route=\/wp\/v2\/pages\/62\/revisions\/1370"}],"wp:attachment":[{"href":"https:\/\/prywatkagostyn.pl\/index.php?rest_route=%2Fwp%2Fv2%2Fmedia&parent=62"}],"curies":[{"name":"wp","href":"https:\/\/api.w.org\/{rel}","templated":true}]}}